{"id":2075,"date":"2024-11-27T08:03:08","date_gmt":"2024-11-27T08:03:08","guid":{"rendered":"https:\/\/permis111.com\/?post_type=product&#038;p=2075"},"modified":"2024-11-27T08:03:08","modified_gmt":"2024-11-27T08:03:08","slug":"yex-to-sex-en-boite","status":"publish","type":"product","link":"https:\/\/dev.permis111.com\/en\/product\/yex-to-sex-en-boite\/","title":{"rendered":"YEX TO SEX EN BOITE"},"content":{"rendered":"<p>Yes to Sex est un compl\u00e9ment naturel con\u00e7u pour raviver le d\u00e9sir et booster la vitalit\u00e9. Formul\u00e9 avec des ingr\u00e9dients de qualit\u00e9, il favorise la confiance et le bien-\u00eatre pour des moments intimes \u00e9panouis.<\/p>","protected":false},"excerpt":{"rendered":"<p>Aide \u00e0 gu\u00e9rir l&#8217;impuissance<br \/>\nAide \u00e0 am\u00e9liorer la circulation sanguine<br \/>\nAide \u00e0 augmenter la libido<\/p>","protected":false},"featured_media":2077,"comment_status":"open","ping_status":"closed","template":"","meta":[],"product_brand":[],"product_cat":[484],"product_tag":[471,474,477],"class_list":{"0":"post-2075","1":"product","2":"type-product","3":"status-publish","4":"has-post-thumbnail","6":"product_cat-pilules","7":"product_tag-augmenter","8":"product_tag-proteger","9":"product_tag-renforce","11":"first","12":"instock","13":"taxable","14":"shipping-taxable","15":"purchasable","16":"product-type-simple"},"_links":{"self":[{"href":"https:\/\/dev.permis111.com\/en\/wp-json\/wp\/v2\/product\/2075","targetHints":{"allow":["GET"]}}],"collection":[{"href":"https:\/\/dev.permis111.com\/en\/wp-json\/wp\/v2\/product"}],"about":[{"href":"https:\/\/dev.permis111.com\/en\/wp-json\/wp\/v2\/types\/product"}],"replies":[{"embeddable":true,"href":"https:\/\/dev.permis111.com\/en\/wp-json\/wp\/v2\/comments?post=2075"}],"wp:featuredmedia":[{"embeddable":true,"href":"https:\/\/dev.permis111.com\/en\/wp-json\/wp\/v2\/media\/2077"}],"wp:attachment":[{"href":"https:\/\/dev.permis111.com\/en\/wp-json\/wp\/v2\/media?parent=2075"}],"wp:term":[{"taxonomy":"product_brand","embeddable":true,"href":"https:\/\/dev.permis111.com\/en\/wp-json\/wp\/v2\/product_brand?post=2075"},{"taxonomy":"product_cat","embeddable":true,"href":"https:\/\/dev.permis111.com\/en\/wp-json\/wp\/v2\/product_cat?post=2075"},{"taxonomy":"product_tag","embeddable":true,"href":"https:\/\/dev.permis111.com\/en\/wp-json\/wp\/v2\/product_tag?post=2075"}],"curies":[{"name":"wp","href":"https:\/\/api.w.org\/{rel}","templated":true}]}}