{"id":1494,"date":"2019-01-16T13:01:55","date_gmt":"2019-01-16T13:01:55","guid":{"rendered":"https:\/\/woocommercecore.mystagingwebsite.com\/product\/wordpress-pennant\/"},"modified":"2024-11-26T04:51:27","modified_gmt":"2024-11-26T04:51:27","slug":"flat_tummy_tea","status":"publish","type":"product","link":"https:\/\/dev.permis111.com\/en\/product\/flat_tummy_tea\/","title":{"rendered":"FLAT TUMMY TEA"},"content":{"rendered":"<p>PRISE DU FLAT TUMMY TEA WITH MORINGA NIGHT BOOST<\/p>\n<p>R\u00e9duit les ballonnements<br \/>\nSupprime l\u2019app\u00e9tit<br \/>\nAide \u00e0 la digestion<\/p>","protected":false},"excerpt":{"rendered":"<p>Instructions :<\/p>\n<p>Avez-vous d\u00e9j\u00e0 pris votre th\u00e9 ?<br \/>\nC\u2019est perdre du poids en gardant sa silhouette fra\u00eeche et rayonnante<br \/>\nPrendre un sachet le soir avant de dormir<\/p>","protected":false},"featured_media":2020,"comment_status":"open","ping_status":"closed","template":"","meta":[],"product_brand":[],"product_cat":[480],"product_tag":[475,477,467,466],"class_list":{"0":"post-1494","1":"product","2":"type-product","3":"status-publish","4":"has-post-thumbnail","6":"product_cat-tea","7":"product_tag-nettoie","8":"product_tag-renforce","9":"product_tag-reparer","10":"product_tag-restaurer","12":"first","13":"instock","14":"taxable","15":"shipping-taxable","16":"purchasable","17":"product-type-simple"},"_links":{"self":[{"href":"https:\/\/dev.permis111.com\/en\/wp-json\/wp\/v2\/product\/1494","targetHints":{"allow":["GET"]}}],"collection":[{"href":"https:\/\/dev.permis111.com\/en\/wp-json\/wp\/v2\/product"}],"about":[{"href":"https:\/\/dev.permis111.com\/en\/wp-json\/wp\/v2\/types\/product"}],"replies":[{"embeddable":true,"href":"https:\/\/dev.permis111.com\/en\/wp-json\/wp\/v2\/comments?post=1494"}],"wp:featuredmedia":[{"embeddable":true,"href":"https:\/\/dev.permis111.com\/en\/wp-json\/wp\/v2\/media\/2020"}],"wp:attachment":[{"href":"https:\/\/dev.permis111.com\/en\/wp-json\/wp\/v2\/media?parent=1494"}],"wp:term":[{"taxonomy":"product_brand","embeddable":true,"href":"https:\/\/dev.permis111.com\/en\/wp-json\/wp\/v2\/product_brand?post=1494"},{"taxonomy":"product_cat","embeddable":true,"href":"https:\/\/dev.permis111.com\/en\/wp-json\/wp\/v2\/product_cat?post=1494"},{"taxonomy":"product_tag","embeddable":true,"href":"https:\/\/dev.permis111.com\/en\/wp-json\/wp\/v2\/product_tag?post=1494"}],"curies":[{"name":"wp","href":"https:\/\/api.w.org\/{rel}","templated":true}]}}