{"id":1488,"date":"2019-01-16T13:01:54","date_gmt":"2019-01-16T13:01:54","guid":{"rendered":"https:\/\/woocommercecore.mystagingwebsite.com\/product\/single\/"},"modified":"2024-11-25T11:12:15","modified_gmt":"2024-11-25T11:12:15","slug":"sic","status":"publish","type":"product","link":"https:\/\/dev.permis111.com\/en\/product\/sic\/","title":{"rendered":"SIC"},"content":{"rendered":"<p>BOOOOOOOOSTEZ VOTRE<br \/>\nSYST\u00c8ME IMMUNITAIRE<\/p>\n<p>Augmente les niveaux d&#8217;\u00e9nergie<br \/>\nAm\u00e9liore la sant\u00e9 intestinale<br \/>\nR\u00e9duit l&#8217;inflammation<br \/>\nAide \u00e0 la d\u00e9sintoxication en direct<br \/>\nNormalise la glyc\u00e9mie<br \/>\nEmp\u00eache le d\u00e9s\u00e9quilibre<br \/>\nbiochimique Renforce le syst\u00e8me<br \/>\nimmunitaire<\/p>","protected":false},"excerpt":{"rendered":"<p><strong>PRISSE DU SIC<\/strong>\u00a01 \u00e0 2 sachets par jour<\/p>\n<ul>\n<li>Versez le contenu du sachet dans 100 ml d\u2019eau, remuer et boire imm\u00e9diatement<\/li>\n<li>\u00c0 prendre 15 min apr\u00e8s le STC30 \u00e0 jeun<\/li>\n<\/ul>","protected":false},"featured_media":2014,"comment_status":"open","ping_status":"closed","template":"","meta":[],"product_brand":[],"product_cat":[465],"product_tag":[472,471],"class_list":{"0":"post-1488","1":"product","2":"type-product","3":"status-publish","4":"has-post-thumbnail","6":"product_cat-superlife","7":"product_tag-ameliore","8":"product_tag-augmenter","10":"first","11":"instock","12":"taxable","13":"shipping-taxable","14":"purchasable","15":"product-type-simple"},"_links":{"self":[{"href":"https:\/\/dev.permis111.com\/en\/wp-json\/wp\/v2\/product\/1488","targetHints":{"allow":["GET"]}}],"collection":[{"href":"https:\/\/dev.permis111.com\/en\/wp-json\/wp\/v2\/product"}],"about":[{"href":"https:\/\/dev.permis111.com\/en\/wp-json\/wp\/v2\/types\/product"}],"replies":[{"embeddable":true,"href":"https:\/\/dev.permis111.com\/en\/wp-json\/wp\/v2\/comments?post=1488"}],"wp:featuredmedia":[{"embeddable":true,"href":"https:\/\/dev.permis111.com\/en\/wp-json\/wp\/v2\/media\/2014"}],"wp:attachment":[{"href":"https:\/\/dev.permis111.com\/en\/wp-json\/wp\/v2\/media?parent=1488"}],"wp:term":[{"taxonomy":"product_brand","embeddable":true,"href":"https:\/\/dev.permis111.com\/en\/wp-json\/wp\/v2\/product_brand?post=1488"},{"taxonomy":"product_cat","embeddable":true,"href":"https:\/\/dev.permis111.com\/en\/wp-json\/wp\/v2\/product_cat?post=1488"},{"taxonomy":"product_tag","embeddable":true,"href":"https:\/\/dev.permis111.com\/en\/wp-json\/wp\/v2\/product_tag?post=1488"}],"curies":[{"name":"wp","href":"https:\/\/api.w.org\/{rel}","templated":true}]}}