{"id":1487,"date":"2019-01-16T13:01:54","date_gmt":"2019-01-16T13:01:54","guid":{"rendered":"https:\/\/woocommercecore.mystagingwebsite.com\/product\/album\/"},"modified":"2024-11-25T10:45:39","modified_gmt":"2024-11-25T10:45:39","slug":"comment_oublier_l_hopital_et_la_mort","status":"publish","type":"product","link":"https:\/\/dev.permis111.com\/en\/product\/comment_oublier_l_hopital_et_la_mort\/","title":{"rendered":"COMMENT OUBLIER L HOPITAL ET LA MORT ?"},"content":{"rendered":"<p>Absolument ! Tout le pouvoir r\u00e9side dans quelques petits changements \u00e0 mettre en<br \/>\nplace. Il vous faudra une courte p\u00e9riode pour r\u00e9aliser comment vous pouvez manifester des<br \/>\nchangements profonds en prenant conscience que vous pouvez passer d&#8217;un monde<br \/>\nd&#8217;autodestruction \u00e0 un monde de plus grande ma\u00eetrise. Et la chose la plus excitante que vous<br \/>\nallez d\u00e9couvrir en parcourant le livre ( COMMENT SE GU\u00c9RIR SOI MEME ) est que vous pouvez<br \/>\nvivre dans un paradis absolu. Et qu&#8217;en r\u00e9alit\u00e9, il est possible d&#8217;\u00e9viter de tomber malade, d&#8217;\u00e9viter<br \/>\nde demeurer malade, d&#8217;\u00e9viter de vieillir malade, d&#8217;\u00e9viter de mourir malade.<br \/>\nBonne lecture&#8230;<\/p>","protected":false},"excerpt":{"rendered":"<p>Lorsque vous changez votre r\u00e9ponse \u00e0 l&#8217;environnement, vous changez le destin de vos cellules.<br \/>\nCela fait de vous un MA\u00ceTRE, car vous \u00eates celui qui a l&#8217;opportunit\u00e9 de changer un destin de<br \/>\nmalade de plus en plus chronique condamn\u00e9 \u00e0 une mort certaine \u00e0 celui d&#8217;une sant\u00e9 physique<br \/>\noptimale condamn\u00e9 \u00e0 vivre au moins 111 ans en parfaite sant\u00e9. En effet, vous \u00eates celui qui<br \/>\ncontr\u00f4le ses g\u00e8nes ! N&#8217;est ce pas merveilleux ?Voici le grand message de ce livre ( COMMENT SE<br \/>\nGU\u00c9RIR SOI MEME ) : vous pouvez changer le destin de votre maladie, m\u00eame si celle-ci est dite<br \/>\nincurable.<\/p>","protected":false},"featured_media":1919,"comment_status":"open","ping_status":"closed","template":"","meta":[],"product_brand":[],"product_cat":[485],"product_tag":[486],"class_list":{"0":"post-1487","1":"product","2":"type-product","3":"status-publish","4":"has-post-thumbnail","6":"product_cat-livres","7":"product_tag-enseignement","9":"first","10":"instock","11":"taxable","12":"shipping-taxable","13":"purchasable","14":"product-type-simple"},"_links":{"self":[{"href":"https:\/\/dev.permis111.com\/en\/wp-json\/wp\/v2\/product\/1487","targetHints":{"allow":["GET"]}}],"collection":[{"href":"https:\/\/dev.permis111.com\/en\/wp-json\/wp\/v2\/product"}],"about":[{"href":"https:\/\/dev.permis111.com\/en\/wp-json\/wp\/v2\/types\/product"}],"replies":[{"embeddable":true,"href":"https:\/\/dev.permis111.com\/en\/wp-json\/wp\/v2\/comments?post=1487"}],"wp:featuredmedia":[{"embeddable":true,"href":"https:\/\/dev.permis111.com\/en\/wp-json\/wp\/v2\/media\/1919"}],"wp:attachment":[{"href":"https:\/\/dev.permis111.com\/en\/wp-json\/wp\/v2\/media?parent=1487"}],"wp:term":[{"taxonomy":"product_brand","embeddable":true,"href":"https:\/\/dev.permis111.com\/en\/wp-json\/wp\/v2\/product_brand?post=1487"},{"taxonomy":"product_cat","embeddable":true,"href":"https:\/\/dev.permis111.com\/en\/wp-json\/wp\/v2\/product_cat?post=1487"},{"taxonomy":"product_tag","embeddable":true,"href":"https:\/\/dev.permis111.com\/en\/wp-json\/wp\/v2\/product_tag?post=1487"}],"curies":[{"name":"wp","href":"https:\/\/api.w.org\/{rel}","templated":true}]}}