{"id":1484,"date":"2019-01-16T13:01:53","date_gmt":"2019-01-16T13:01:53","guid":{"rendered":"https:\/\/woocommercecore.mystagingwebsite.com\/product\/hoodie-with-zipper\/"},"modified":"2024-11-26T04:58:44","modified_gmt":"2024-11-26T04:58:44","slug":"scc","status":"publish","type":"product","link":"https:\/\/dev.permis111.com\/en\/product\/scc\/","title":{"rendered":"SCC+"},"content":{"rendered":"<p><span class=\"fontstyle0\">LIBEREZ VOTRE ORGANISME ET RETROUVER VOTRE SANT\u00c9:\u00a0 <\/span><span class=\"fontstyle2\">Nettoie en profondeur le tube digestif ; \u00c9limine les toxines et m\u00e9taux lourds; Tr\u00e8s efficace contre la constipation chronique; Restaure le PH Faits perdre le poids naturellement<\/span><\/p>","protected":false},"excerpt":{"rendered":"<div class=\"content user-select-text\" tabindex=\"0\" aria-description=\"\" aria-label=\"Envoy\u00e9 par Copilot\u00a0: Bien s\u00fbr ! Voici le texte de l'image : **PRISE DU SCC+** - 1 sachet par jour le soir au coucher - Versez le contenu du sachet dans 200 ml d'eau, remuer et boire imm\u00e9diatement - Sommeil paisible et r\u00e9veil abdominal Si vous avez besoin d'autres informations ou d'aide suppl\u00e9mentaire, n'h\u00e9sitez pas \u00e0 demander !\">\n<div class=\"ac-container ac-adaptiveCard has-image\">\n<div class=\"ac-textBlock\">\n<p><strong>PRISE DU SCC+<\/strong><\/p>\n<ul>\n<li>1 sachet par jour le soir au coucher<\/li>\n<li>Versez le contenu du sachet dans 200 ml d\u2019eau, remuer et boire imm\u00e9diatement<\/li>\n<li>Sommeil paisible et r\u00e9veil abdominal<\/li>\n<\/ul>\n<\/div>\n<\/div>\n<div class=\"ad-container\"><\/div>\n<\/div>","protected":false},"featured_media":2011,"comment_status":"open","ping_status":"closed","template":"","meta":[],"product_brand":[],"product_cat":[465],"product_tag":[476,475,466],"class_list":{"0":"post-1484","1":"product","2":"type-product","3":"status-publish","4":"has-post-thumbnail","6":"product_cat-superlife","7":"product_tag-elimine","8":"product_tag-nettoie","9":"product_tag-restaurer","11":"first","12":"instock","13":"taxable","14":"shipping-taxable","15":"purchasable","16":"product-type-simple"},"_links":{"self":[{"href":"https:\/\/dev.permis111.com\/en\/wp-json\/wp\/v2\/product\/1484","targetHints":{"allow":["GET"]}}],"collection":[{"href":"https:\/\/dev.permis111.com\/en\/wp-json\/wp\/v2\/product"}],"about":[{"href":"https:\/\/dev.permis111.com\/en\/wp-json\/wp\/v2\/types\/product"}],"replies":[{"embeddable":true,"href":"https:\/\/dev.permis111.com\/en\/wp-json\/wp\/v2\/comments?post=1484"}],"wp:featuredmedia":[{"embeddable":true,"href":"https:\/\/dev.permis111.com\/en\/wp-json\/wp\/v2\/media\/2011"}],"wp:attachment":[{"href":"https:\/\/dev.permis111.com\/en\/wp-json\/wp\/v2\/media?parent=1484"}],"wp:term":[{"taxonomy":"product_brand","embeddable":true,"href":"https:\/\/dev.permis111.com\/en\/wp-json\/wp\/v2\/product_brand?post=1484"},{"taxonomy":"product_cat","embeddable":true,"href":"https:\/\/dev.permis111.com\/en\/wp-json\/wp\/v2\/product_cat?post=1484"},{"taxonomy":"product_tag","embeddable":true,"href":"https:\/\/dev.permis111.com\/en\/wp-json\/wp\/v2\/product_tag?post=1484"}],"curies":[{"name":"wp","href":"https:\/\/api.w.org\/{rel}","templated":true}]}}