{"id":1482,"date":"2019-01-16T13:01:53","date_gmt":"2019-01-16T13:01:53","guid":{"rendered":"https:\/\/woocommercecore.mystagingwebsite.com\/product\/cap\/"},"modified":"2024-11-26T04:58:47","modified_gmt":"2024-11-26T04:58:47","slug":"snc","status":"publish","type":"product","link":"https:\/\/dev.permis111.com\/en\/product\/snc\/","title":{"rendered":"SNC"},"content":{"rendered":"<div class=\"content user-select-text\" tabindex=\"0\" aria-description=\"\" aria-label=\"Envoy\u00e9 par Copilot\u00a0: Bien s\u00fbr ! Voici le texte de l'image : **PRISE DU SNC** - **En rythme mod\u00e9r\u00e9 :** - 1 sachet sur la langue chaque soir - Laisser fondre et avaler, ensuite boire un ou deux verres d'eau - Manger le dernier l\u00e9ger repas du soir 1 h apr\u00e8s la prise du SNC - **En rythme acc\u00e9l\u00e9r\u00e9 :** - 1 sachet sur la langue chaque soir - Laisser fondre et avaler - Ensuite, un deuxi\u00e8me sachet 15 min apr\u00e8s la prise du premier - Laisser fondre de nouveau et avaler - Par la suite, boire un ou deux verres d'eau - Manger le dernier l\u00e9ger repas du soir 1 h apr\u00e8s la prise du SNC Si vous avez besoin d'autres informations ou d'aide suppl\u00e9mentaire, n'h\u00e9sitez pas \u00e0 demander !\">\n<div class=\"ac-container ac-adaptiveCard has-image\">\n<div class=\"ac-textBlock\">\n<p><strong>PRISE DU SNC<\/strong><\/p>\n<ul>\n<li><strong>En rythme mod\u00e9r\u00e9 :<\/strong>\n<ul>\n<li>1 sachet sur la langue chaque soir<\/li>\n<li>Laisser fondre et avaler, ensuite boire un ou deux verres d\u2019eau<\/li>\n<li>Manger le dernier l\u00e9ger repas du soir 1 h apr\u00e8s la prise du SNC<\/li>\n<\/ul>\n<\/li>\n<li><strong>En rythme acc\u00e9l\u00e9r\u00e9 :<\/strong>\n<ul>\n<li>1 sachet sur la langue chaque soir<\/li>\n<li>Laisser fondre et avaler<\/li>\n<li>Ensuite, un deuxi\u00e8me sachet 15 min apr\u00e8s la prise du premier<\/li>\n<li>Laisser fondre de nouveau et avaler<\/li>\n<li>Par la suite, boire un ou deux verres d\u2019eau<\/li>\n<li>Manger le dernier l\u00e9ger repas du soir 1 h apr\u00e8s la prise du SNC<\/li>\n<\/ul>\n<\/li>\n<\/ul>\n<\/div>\n<\/div>\n<div class=\"ad-container\"><\/div>\n<\/div>","protected":false},"excerpt":{"rendered":"<p><span class=\"fontstyle0\">REVITALISEZ VOTRE VISION ET VOS FONCTIONS COGNITIVES <\/span><span class=\"fontstyle2\">Le SNC aide \u00e0 : Rajeunir et revitaliser la vision et les fonctions cognitives Am\u00e9liore la vue Restaure en profondeur le syst\u00e8me nerveux Prot\u00e8ge les cellules c\u00e9r\u00e9brales Anti-inflammatoire Favorise la perte de poids Am\u00e9liore la circulation sanguine<\/span><\/p>","protected":false},"featured_media":2026,"comment_status":"open","ping_status":"closed","template":"","meta":[],"product_brand":[],"product_cat":[465],"product_tag":[472,474,469,466],"class_list":{"0":"post-1482","1":"product","2":"type-product","3":"status-publish","4":"has-post-thumbnail","6":"product_cat-superlife","7":"product_tag-ameliore","8":"product_tag-proteger","9":"product_tag-rajeunir","10":"product_tag-restaurer","12":"first","13":"instock","14":"taxable","15":"shipping-taxable","16":"purchasable","17":"product-type-simple"},"_links":{"self":[{"href":"https:\/\/dev.permis111.com\/en\/wp-json\/wp\/v2\/product\/1482","targetHints":{"allow":["GET"]}}],"collection":[{"href":"https:\/\/dev.permis111.com\/en\/wp-json\/wp\/v2\/product"}],"about":[{"href":"https:\/\/dev.permis111.com\/en\/wp-json\/wp\/v2\/types\/product"}],"replies":[{"embeddable":true,"href":"https:\/\/dev.permis111.com\/en\/wp-json\/wp\/v2\/comments?post=1482"}],"wp:featuredmedia":[{"embeddable":true,"href":"https:\/\/dev.permis111.com\/en\/wp-json\/wp\/v2\/media\/2026"}],"wp:attachment":[{"href":"https:\/\/dev.permis111.com\/en\/wp-json\/wp\/v2\/media?parent=1482"}],"wp:term":[{"taxonomy":"product_brand","embeddable":true,"href":"https:\/\/dev.permis111.com\/en\/wp-json\/wp\/v2\/product_brand?post=1482"},{"taxonomy":"product_cat","embeddable":true,"href":"https:\/\/dev.permis111.com\/en\/wp-json\/wp\/v2\/product_cat?post=1482"},{"taxonomy":"product_tag","embeddable":true,"href":"https:\/\/dev.permis111.com\/en\/wp-json\/wp\/v2\/product_tag?post=1482"}],"curies":[{"name":"wp","href":"https:\/\/api.w.org\/{rel}","templated":true}]}}