{"id":1480,"date":"2019-01-16T13:01:52","date_gmt":"2019-01-16T13:01:52","guid":{"rendered":"https:\/\/woocommercecore.mystagingwebsite.com\/product\/t-shirt\/"},"modified":"2024-11-25T10:52:15","modified_gmt":"2024-11-25T10:52:15","slug":"stc30","status":"publish","type":"product","link":"https:\/\/dev.permis111.com\/en\/product\/stc30\/","title":{"rendered":"STC30"},"content":{"rendered":"<p><strong>PRISE DU STC30<\/strong><\/p>\n<p>1 sachet par jour \u00e0 prendre le matin :<br \/>\nIl faut ouvrir le sachet et verser son contenu dans la langue avant de passer avec de l\u2019eau ou une autre boisson froide 3-5 min apr\u00e8s.<\/p>\n<p><strong>EN RYTHME MOD\u00c9R\u00c9<\/strong>\u00a0:<br \/>\nLe produit peut \u00eatre pris dans une seule langue. Il faut ouvrir le sachet et verser son contenu sous la langue pour dissoudre avant de passer avec de l\u2019eau ou une autre boisson froide apr\u00e8s 3-5 min.<\/p>\n<p><strong>EN RYTHME ACC\u00c9L\u00c9R\u00c9<\/strong>\u00a0:<br \/>\n2 sachets par jour \u00e0 prendre un le matin et un le soir pour acc\u00e9l\u00e9rer la perte du poids en g\u00e9n\u00e9ral. Il faut ouvrir le sachet et verser son contenu sous la langue pour dissoudre avant de passer avec de l\u2019eau ou une autre boisson froide apr\u00e8s 3-5 min. Le patient doit s\u2019hydrater abondamment (minimum 3 litres par jour).<\/p>\n<p><strong>NOTA BENE<\/strong>\u00a0: nous \u00e9crire si vous avez des ant\u00e9c\u00e9dents sant\u00e9 pendant que vous prenez STC30.<\/p>","protected":false},"excerpt":{"rendered":"<p><span class=\"fontstyle0\">RETOUR AU FONCTIONNEMENT NORMAL DES ORGANES. <\/span><span class=\"fontstyle2\">CINQ ACTIONS POUR \u00c9LIMINER MIRACULEUSEMENT LES MALADIES ! 1 &#8211; Restaurer les cellules malades, 2 &#8211; R\u00e9parer les cellules endommag\u00e9es, 3 &#8211; Remplacer les cellules mortes 4 &#8211; Rajeunir les cellules vieillissantes 5 &#8211; R\u00e9pliquer les bonnes cellules<\/span><\/p>","protected":false},"featured_media":2013,"comment_status":"open","ping_status":"closed","template":"","meta":[],"product_brand":[],"product_cat":[465],"product_tag":[469,468,467,470,466],"class_list":{"0":"post-1480","1":"product","2":"type-product","3":"status-publish","4":"has-post-thumbnail","6":"product_cat-superlife","7":"product_tag-rajeunir","8":"product_tag-remplacer","9":"product_tag-reparer","10":"product_tag-repliquer","11":"product_tag-restaurer","13":"first","14":"instock","15":"taxable","16":"shipping-taxable","17":"purchasable","18":"product-type-simple"},"_links":{"self":[{"href":"https:\/\/dev.permis111.com\/en\/wp-json\/wp\/v2\/product\/1480","targetHints":{"allow":["GET"]}}],"collection":[{"href":"https:\/\/dev.permis111.com\/en\/wp-json\/wp\/v2\/product"}],"about":[{"href":"https:\/\/dev.permis111.com\/en\/wp-json\/wp\/v2\/types\/product"}],"replies":[{"embeddable":true,"href":"https:\/\/dev.permis111.com\/en\/wp-json\/wp\/v2\/comments?post=1480"}],"wp:featuredmedia":[{"embeddable":true,"href":"https:\/\/dev.permis111.com\/en\/wp-json\/wp\/v2\/media\/2013"}],"wp:attachment":[{"href":"https:\/\/dev.permis111.com\/en\/wp-json\/wp\/v2\/media?parent=1480"}],"wp:term":[{"taxonomy":"product_brand","embeddable":true,"href":"https:\/\/dev.permis111.com\/en\/wp-json\/wp\/v2\/product_brand?post=1480"},{"taxonomy":"product_cat","embeddable":true,"href":"https:\/\/dev.permis111.com\/en\/wp-json\/wp\/v2\/product_cat?post=1480"},{"taxonomy":"product_tag","embeddable":true,"href":"https:\/\/dev.permis111.com\/en\/wp-json\/wp\/v2\/product_tag?post=1480"}],"curies":[{"name":"wp","href":"https:\/\/api.w.org\/{rel}","templated":true}]}}