{"id":13,"date":"2019-01-16T13:01:53","date_gmt":"2019-01-16T13:01:53","guid":{"rendered":"https:\/\/woocommercecore.mystagingwebsite.com\/product\/sunglasses\/"},"modified":"2024-11-26T04:58:48","modified_gmt":"2024-11-26T04:58:48","slug":"dooble_root_coffee","status":"publish","type":"product","link":"https:\/\/dev.permis111.com\/en\/product\/dooble_root_coffee\/","title":{"rendered":"SUPER ROOT COFFEE"},"content":{"rendered":"<p><span class=\"fontstyle0\">BOOOOOOOOSTEZ VOTRE APPETIT SEXUEL : <\/span><span class=\"fontstyle2\">Augmente le niveau de libido masculine et f\u00e9minine; Renforce la virilit\u00e9 masculine; Augmente la fertilit\u00e9 chez la femme; Augmente les niveaux d&#8217;\u00e9nergie et d&#8217;endurance; Aide les femmes \u00e0 traverser les sympt\u00f4mes de la p\u00e9ri-m\u00e9naupouse ou de la m\u00e9nopause, en particulier les bouff\u00e9es de chaleur<\/span><\/p>","protected":false},"excerpt":{"rendered":"<p><strong>PRISE DU DOOBLE ROOT COFFEE<\/strong><\/p>\n<ul>\n<li>Faites chauffer de l\u2019eau juste en dessous de l\u2019\u00e9bullition.<\/li>\n<li>Ajouter un sachet, remuer et buvez.<\/li>\n<li>Le prendre \u00e0 n\u2019importe quel moment de la journ\u00e9e.<\/li>\n<\/ul>","protected":false},"featured_media":2024,"comment_status":"open","ping_status":"closed","template":"","meta":[],"product_brand":[],"product_cat":[465],"product_tag":[478,471,477],"class_list":{"0":"post-13","1":"product","2":"type-product","3":"status-publish","4":"has-post-thumbnail","6":"product_cat-superlife","7":"product_tag-aide","8":"product_tag-augmenter","9":"product_tag-renforce","11":"first","12":"instock","13":"taxable","14":"shipping-taxable","15":"purchasable","16":"product-type-simple"},"_links":{"self":[{"href":"https:\/\/dev.permis111.com\/en\/wp-json\/wp\/v2\/product\/13","targetHints":{"allow":["GET"]}}],"collection":[{"href":"https:\/\/dev.permis111.com\/en\/wp-json\/wp\/v2\/product"}],"about":[{"href":"https:\/\/dev.permis111.com\/en\/wp-json\/wp\/v2\/types\/product"}],"replies":[{"embeddable":true,"href":"https:\/\/dev.permis111.com\/en\/wp-json\/wp\/v2\/comments?post=13"}],"wp:featuredmedia":[{"embeddable":true,"href":"https:\/\/dev.permis111.com\/en\/wp-json\/wp\/v2\/media\/2024"}],"wp:attachment":[{"href":"https:\/\/dev.permis111.com\/en\/wp-json\/wp\/v2\/media?parent=13"}],"wp:term":[{"taxonomy":"product_brand","embeddable":true,"href":"https:\/\/dev.permis111.com\/en\/wp-json\/wp\/v2\/product_brand?post=13"},{"taxonomy":"product_cat","embeddable":true,"href":"https:\/\/dev.permis111.com\/en\/wp-json\/wp\/v2\/product_cat?post=13"},{"taxonomy":"product_tag","embeddable":true,"href":"https:\/\/dev.permis111.com\/en\/wp-json\/wp\/v2\/product_tag?post=13"}],"curies":[{"name":"wp","href":"https:\/\/api.w.org\/{rel}","templated":true}]}}