{"id":182,"date":"2019-08-28T12:32:43","date_gmt":"2019-08-28T12:32:43","guid":{"rendered":"https:\/\/permis111.com\/?page_id=182"},"modified":"2024-09-27T18:54:43","modified_gmt":"2024-09-27T18:54:43","slug":"works","status":"publish","type":"page","link":"https:\/\/dev.permis111.com\/en\/works\/","title":{"rendered":"Comment ca marche"},"content":{"rendered":"<div data-elementor-type=\"wp-post\" data-elementor-id=\"182\" class=\"elementor elementor-182\">\n\t\t\t\t\t\t<section class=\"elementor-section elementor-top-section elementor-element elementor-element-45a8e64 elementor-section-boxed elementor-section-height-default elementor-section-height-default\" data-id=\"45a8e64\" data-element_type=\"section\" data-e-type=\"section\">\n\t\t\t\t\t\t<div class=\"elementor-container elementor-column-gap-no\">\n\t\t\t\t\t<div class=\"elementor-column elementor-col-100 elementor-top-column elementor-element elementor-element-4bc000b\" data-id=\"4bc000b\" data-element_type=\"column\" data-e-type=\"column\">\n\t\t\t<div class=\"elementor-widget-wrap elementor-element-populated\">\n\t\t\t\t\t\t<div class=\"elementor-element elementor-element-b983bb6 elementor-widget elementor-widget-dc_element_how_worksv2\" data-id=\"b983bb6\" data-element_type=\"widget\" data-e-type=\"widget\" data-widget_type=\"dc_element_how_worksv2.default\">\n\t\t\t\t<div class=\"elementor-widget-container\">\n\t\t\t\t\t\t\t\t<div class=\"dc-itsworkvtwov2 dynamic-secton-264107\">\r\n\t\t\t\t<div class=\"dc-howitswork\">\r\n\t\t\t\t\t<div class=\"dc-sectionhead dc-text-center\">\r\n\t\t\t\t\t\t\t\t\t\t\t\t\t<div class=\"dc-sectiontitle\">\r\n\t\t\t\t\t\t\t\t<h2>\r\n\t\t\t\t\t\t\t\t\t<span>Nous l&#039;avons rendu simple<\/span>\t\t\t\t\t\t\t\t\tComment \u00c7a <em>Marche?<\/em>\t\t\t\t\t\t\t\t<\/h2>\r\n\t\t\t\t\t\t\t<\/div>\r\n\t\t\t\t\t\t\t\t\t\t\t\t\t\t\t\t\t\t\t<div class=\"dc-description\">D\u00e9couvrez comment notre solution innovante simplifie votre workflow et optimise votre productivit\u00e9. Explorez les fonctionnalit\u00e9s cl\u00e9s qui vous permettront de travailler de mani\u00e8re plus efficace.<\/div>\r\n\t\t\t\t\t\t\t\t\t\t\t<\/div>\t\t\t\t\t\t\t\t\t\r\n\t\t\t\t<\/div>\r\n\t\t\t\t\t\t\t\t\t<div class=\"dc-workingtimeline\">\r\n\t\t\t\t\t\t<div class=\"main-timeline\">\r\n\t\t\t\t\t\t\t\t\t\t\t\t\t\t\t<div class=\"timeline\">\r\n\t\t\t\t\t\t\t\t\t<div class=\"timeline-icon\">\r\n\t\t\t\t\t\t\t\t\t<\/div>\r\n\t\t\t\t\t\t\t\t\t\t\t\t\t\t\t\t\t\t\t<div class=\"timeline-content float-right\">\r\n\t\t\t\t\t\t\t\t\t\t\t\t\t\t\t\t\t\t\t\t\t\t\t<div class=\"dc-title\">\r\n\t\t\t\t\t\t\t\t\t\t\t\t\t<h3>\r\n\t\t\t\t\t\t\t\t\t\t\t\t\t\t<span>\u00c9tape 01<\/span>\t\t\t\t\t\t\t\t\t\t\t\t\t\t\u00c9valuation Initiale :\t\t\t\t\t\t\t\t\t\t\t\t\t<\/h3>\r\n\t\t\t\t\t\t\t\t\t\t\t\t<\/div>\r\n\t\t\t\t\t\t\t\t\t\t\t\t\t\t\t\t\t\t\t\t\t\t\t\t\t\t\t\t\t\t\t\t\t\t<div class=\"dc-description\">Chaque nouveau membre commence par une \u00e9valuation compl\u00e8te de sa sant\u00e9 physique et de son bien-\u00eatre g\u00e9n\u00e9ral. Cette \u00e9tape permet de d\u00e9terminer les besoins sp\u00e9cifiques et de personnaliser le programme.<\/div>\r\n\t\t\t\t\t\t\t\t\t\t\t\t\t\t\t\t\t\t\t\t\t<\/div>\r\n\t\t\t\t\t\t\t\t\t\t\t\t\t\t\t\t\t\t\t\t\t\t\t\t\t\t\t\t<div class=\"timeline-content float-left\">\r\n\t\t\t\t\t\t\t\t\t\t\t<div class=\"dc-contentwithimg\">\r\n\t\t\t\t\t\t\t\t\t\t\t\t\t\t\t\t\t\t\t\t\t\t\t\t\t<span class=\"align-self-center\">01.<\/span>\t\t\t\t\t\t\t\t\t\t\t\t\t\t\t\t\t\t\t\t\t\t\t\t\t\t\t<figure><img decoding=\"async\" width=\"\" height=\"\" src=\"https:\/\/permis111.com\/wp-content\/uploads\/2024\/09\/health-assessment.jpg\" alt=\"\u00c9tape 01\"><\/figure>\r\n\t\t\t\t\t\t\t\t\t\t\t\t\t\t\t\t\t\t\t\t\t\t\t\t\t\t\t\t\t\t\t\t\t\t\t\t<\/div>\r\n\t\t\t\t\t\t\t\t\t\t<\/div>\t\r\n\t\t\t\t\t\t\t\t\t\t\t\t\t\t\t\t\t\t\t\r\n\t\t\t\t\t\t\t\t<\/div>\r\n\t\t\t\t\t\t\t\t\t\t\t\t\t\t\t<div class=\"timeline\">\r\n\t\t\t\t\t\t\t\t\t<div class=\"timeline-icon\">\r\n\t\t\t\t\t\t\t\t\t<\/div>\r\n\t\t\t\t\t\t\t\t\t\t\t\t\t\t\t\t\t\t\t<div class=\"timeline-content float-left\">\r\n\t\t\t\t\t\t\t\t\t\t\t\t\t\t\t\t\t\t\t\t\t\t\t<div class=\"dc-title\">\r\n\t\t\t\t\t\t\t\t\t\t\t\t\t<h3>\r\n\t\t\t\t\t\t\t\t\t\t\t\t\t\t<span>\u00c9tape 02<\/span>\t\t\t\t\t\t\t\t\t\t\t\t\t\tPlan de Sant\u00e9 Personnalis\u00e9\t\t\t\t\t\t\t\t\t\t\t\t\t<\/h3>\r\n\t\t\t\t\t\t\t\t\t\t\t\t<\/div>\r\n\t\t\t\t\t\t\t\t\t\t\t\t\t\t\t\t\t\t\t\t\t\t\t\t\t\t\t\t\t\t\t\t\t\t<div class=\"dc-description\">Sur la base de l\u2019\u00e9valuation initiale, un plan de sant\u00e9 personnalis\u00e9 est \u00e9labor\u00e9. Ce plan inclut des recommandations pour des cures d\u00e9tox profondes, des r\u00e9gimes alimentaires sp\u00e9cifiques, et des exercices adapt\u00e9s.<\/div>\r\n\t\t\t\t\t\t\t\t\t\t\t\t\t\t\t\t\t\t\t\t\t<\/div>\r\n\t\t\t\t\t\t\t\t\t\t\t\t\t\t\t\t\t\t\t\t\t\t\t\t\t\t\t\t<div class=\"timeline-content float-right\">\r\n\t\t\t\t\t\t\t\t\t\t\t<div class=\"dc-contentwithimg\">\r\n\t\t\t\t\t\t\t\t\t\t\t\t\t\t\t\t\t\t\t\t\t\t\t\t\t\t\t\t\t\t\t\t\t\t\t\t\t\t\t<figure>\r\n\t\t\t\t\t\t\t\t\t\t\t\t\t\t\t<img decoding=\"async\" width=\"\" height=\"\" src=\"https:\/\/permis111.com\/wp-content\/uploads\/2024\/09\/Sans-titre-1.png\" alt=\"\u00c9tape 02\">\r\n\t\t\t\t\t\t\t\t\t\t\t\t\t\t<\/figure>\r\n\t\t\t\t\t\t\t\t\t\t\t\t\t\t\t\t\t\t\t\t\t\t\t\t\t\t<span class=\"align-self-center\">02.<\/span>\t\t\t\t\t\t\t\t\t\t\t\t\t\t\t\t\t\t\t\t\t\t\t<\/div>\r\n\t\t\t\t\t\t\t\t\t\t<\/div>\t\r\n\t\t\t\t\t\t\t\t\t\t\t\t\t\t\t\t\t\t\t\r\n\t\t\t\t\t\t\t\t<\/div>\r\n\t\t\t\t\t\t\t\t\t\t\t\t\t\t\t<div class=\"timeline\">\r\n\t\t\t\t\t\t\t\t\t<div class=\"timeline-icon\">\r\n\t\t\t\t\t\t\t\t\t<\/div>\r\n\t\t\t\t\t\t\t\t\t\t\t\t\t\t\t\t\t\t\t<div class=\"timeline-content float-right\">\r\n\t\t\t\t\t\t\t\t\t\t\t\t\t\t\t\t\t\t\t\t\t\t\t<div class=\"dc-title\">\r\n\t\t\t\t\t\t\t\t\t\t\t\t\t<h3>\r\n\t\t\t\t\t\t\t\t\t\t\t\t\t\t<span>\u00c9tape 03<\/span>\t\t\t\t\t\t\t\t\t\t\t\t\t\tSuivi et Accompagnement\t\t\t\t\t\t\t\t\t\t\t\t\t<\/h3>\r\n\t\t\t\t\t\t\t\t\t\t\t\t<\/div>\r\n\t\t\t\t\t\t\t\t\t\t\t\t\t\t\t\t\t\t\t\t\t\t\t\t\t\t\t\t\t\t\t\t\t\t<div class=\"dc-description\">Les membres b\u00e9n\u00e9ficient d\u2019un suivi r\u00e9gulier et d\u2019un accompagnement personnalis\u00e9. Des consultations p\u00e9riodiques sont organis\u00e9es pour ajuster le plan de sant\u00e9 en fonction des progr\u00e8s et des besoins \u00e9volutifs.<\/div>\r\n\t\t\t\t\t\t\t\t\t\t\t\t\t\t\t\t\t\t\t\t\t<\/div>\r\n\t\t\t\t\t\t\t\t\t\t\t\t\t\t\t\t\t\t\t\t\t\t\t\t\t\t\t\t<div class=\"timeline-content float-left\">\r\n\t\t\t\t\t\t\t\t\t\t\t<div class=\"dc-contentwithimg\">\r\n\t\t\t\t\t\t\t\t\t\t\t\t\t\t\t\t\t\t\t\t\t\t\t\t\t<span class=\"align-self-center\">03.<\/span>\t\t\t\t\t\t\t\t\t\t\t\t\t\t\t\t\t\t\t\t\t\t\t\t\t\t\t<figure><img decoding=\"async\" width=\"\" height=\"\" src=\"https:\/\/permis111.com\/wp-content\/uploads\/2024\/09\/Sans-titre1.png\" alt=\"\u00c9tape 03\"><\/figure>\r\n\t\t\t\t\t\t\t\t\t\t\t\t\t\t\t\t\t\t\t\t\t\t\t\t\t\t\t\t\t\t\t\t\t\t\t\t<\/div>\r\n\t\t\t\t\t\t\t\t\t\t<\/div>\t\r\n\t\t\t\t\t\t\t\t\t\t\t\t\t\t\t\t\t\t\t\r\n\t\t\t\t\t\t\t\t<\/div>\r\n\t\t\t\t\t\t\t\t\t\t\t\t\t\t\t<div class=\"timeline\">\r\n\t\t\t\t\t\t\t\t\t<div class=\"timeline-icon\">\r\n\t\t\t\t\t\t\t\t\t<\/div>\r\n\t\t\t\t\t\t\t\t\t\t\t\t\t\t\t\t\t\t\t<div class=\"timeline-content float-left\">\r\n\t\t\t\t\t\t\t\t\t\t\t\t\t\t\t\t\t\t\t\t\t\t\t<div class=\"dc-title\">\r\n\t\t\t\t\t\t\t\t\t\t\t\t\t<h3>\r\n\t\t\t\t\t\t\t\t\t\t\t\t\t\t<span>\u00c9tape 04<\/span>\t\t\t\t\t\t\t\t\t\t\t\t\t\t\u00c9ducation et Formation\t\t\t\t\t\t\t\t\t\t\t\t\t<\/h3>\r\n\t\t\t\t\t\t\t\t\t\t\t\t<\/div>\r\n\t\t\t\t\t\t\t\t\t\t\t\t\t\t\t\t\t\t\t\t\t\t\t\t\t\t\t\t\t\t\t\t\t\t<div class=\"dc-description\">Permis111 offre des sessions \u00e9ducatives et des formations pour aider les membres \u00e0 comprendre l\u2019importance de la pr\u00e9vention et \u00e0 adopter des habitudes de vie saines. Cela inclut des ateliers sur la nutrition, l\u2019exercice, et la gestion du stress.<\/div>\r\n\t\t\t\t\t\t\t\t\t\t\t\t\t\t\t\t\t\t\t\t\t<\/div>\r\n\t\t\t\t\t\t\t\t\t\t\t\t\t\t\t\t\t\t\t\t\t\t\t\t\t\t\t\t<div class=\"timeline-content float-right\">\r\n\t\t\t\t\t\t\t\t\t\t\t<div class=\"dc-contentwithimg\">\r\n\t\t\t\t\t\t\t\t\t\t\t\t\t\t\t\t\t\t\t\t\t\t\t\t\t\t\t\t\t\t\t\t\t\t\t\t\t\t\t<figure>\r\n\t\t\t\t\t\t\t\t\t\t\t\t\t\t\t<img decoding=\"async\" width=\"\" height=\"\" src=\"https:\/\/permis111.com\/wp-content\/uploads\/2024\/09\/GettyImages-1284069028-750x510-1.jpg\" alt=\"\u00c9tape 04\">\r\n\t\t\t\t\t\t\t\t\t\t\t\t\t\t<\/figure>\r\n\t\t\t\t\t\t\t\t\t\t\t\t\t\t\t\t\t\t\t\t\t\t\t\t\t\t<span class=\"align-self-center\">04.<\/span>\t\t\t\t\t\t\t\t\t\t\t\t\t\t\t\t\t\t\t\t\t\t\t<\/div>\r\n\t\t\t\t\t\t\t\t\t\t<\/div>\t\r\n\t\t\t\t\t\t\t\t\t\t\t\t\t\t\t\t\t\t\t\r\n\t\t\t\t\t\t\t\t<\/div>\r\n\t\t\t\t\t\t\t\t\t\t\t\t\t\t\t<div class=\"timeline\">\r\n\t\t\t\t\t\t\t\t\t<div class=\"timeline-icon\">\r\n\t\t\t\t\t\t\t\t\t<\/div>\r\n\t\t\t\t\t\t\t\t\t\t\t\t\t\t\t\t\t\t\t<div class=\"timeline-content float-right\">\r\n\t\t\t\t\t\t\t\t\t\t\t\t\t\t\t\t\t\t\t\t\t\t\t<div class=\"dc-title\">\r\n\t\t\t\t\t\t\t\t\t\t\t\t\t<h3>\r\n\t\t\t\t\t\t\t\t\t\t\t\t\t\t<span>\u00c9tape 05<\/span>\t\t\t\t\t\t\t\t\t\t\t\t\t\tCommunaut\u00e9 et Support\t\t\t\t\t\t\t\t\t\t\t\t\t<\/h3>\r\n\t\t\t\t\t\t\t\t\t\t\t\t<\/div>\r\n\t\t\t\t\t\t\t\t\t\t\t\t\t\t\t\t\t\t\t\t\t\t\t\t\t\t\t\t\t\t\t\t\t\t<div class=\"dc-description\">Les membres sont encourag\u00e9s \u00e0 rejoindre la communaut\u00e9 Permis111, o\u00f9 ils peuvent partager leurs exp\u00e9riences, obtenir du soutien, et se motiver mutuellement. Des \u00e9v\u00e9nements et des activit\u00e9s communautaires sont organis\u00e9s pour renforcer le sentiment d\u2019appartenance et de soutien mutuel.<\/div>\r\n\t\t\t\t\t\t\t\t\t\t\t\t\t\t\t\t\t\t\t\t\t<\/div>\r\n\t\t\t\t\t\t\t\t\t\t\t\t\t\t\t\t\t\t\t\t\t\t\t\t\t\t\t\t<div class=\"timeline-content float-left\">\r\n\t\t\t\t\t\t\t\t\t\t\t<div class=\"dc-contentwithimg\">\r\n\t\t\t\t\t\t\t\t\t\t\t\t\t\t\t\t\t\t\t\t\t\t\t\t\t<span class=\"align-self-center\">05.<\/span>\t\t\t\t\t\t\t\t\t\t\t\t\t\t\t\t\t\t\t\t\t\t\t\t\t\t\t<figure><img decoding=\"async\" width=\"\" height=\"\" src=\"https:\/\/permis111.com\/wp-content\/uploads\/2024\/09\/Image1-700x0-c-default.png\" alt=\"\u00c9tape 05\"><\/figure>\r\n\t\t\t\t\t\t\t\t\t\t\t\t\t\t\t\t\t\t\t\t\t\t\t\t\t\t\t\t\t\t\t\t\t\t\t\t<\/div>\r\n\t\t\t\t\t\t\t\t\t\t<\/div>\t\r\n\t\t\t\t\t\t\t\t\t\t\t\t\t\t\t\t\t\t\t\r\n\t\t\t\t\t\t\t\t<\/div>\r\n\t\t\t\t\t\t\t\t\t\t\t\t\t<\/div>\r\n\t\t\t\t\t\t\t\t\t\t\t\t\t<div class=\"dc-btnarea\">\r\n\t\t\t\t\t\t\t\t<a href=\"https:\/\/permis111.com\/contact\/\" class=\"dc-btn\">Contact us<\/a>\r\n\t\t\t\t\t\t\t<\/div>\r\n\t\t\t\t\t\t\t\t\t\t\t<\/div>\r\n\t\t\t\t\t\t\t<\/div>\r\n\t\t\t\t\t\t<\/div>\n\t\t\t\t<\/div>\n\t\t\t\t\t<\/div>\n\t\t<\/div>\n\t\t\t\t\t<\/div>\n\t\t<\/section>\n\t\t\t\t<\/div>","protected":false},"excerpt":{"rendered":"<p>Nous l&#039;avons rendu simple Comment \u00c7a Marche? D\u00e9couvrez comment notre solution innovante simplifie votre workflow et optimise votre productivit\u00e9. Explorez les fonctionnalit\u00e9s cl\u00e9s qui vous permettront de travailler de mani\u00e8re plus efficace. \u00c9tape 01 \u00c9valuation Initiale : Chaque nouveau membre commence par une \u00e9valuation compl\u00e8te de sa sant\u00e9 physique et de son bien-\u00eatre g\u00e9n\u00e9ral. Cette&#8230;.<\/p>","protected":false},"author":1,"featured_media":-1,"parent":0,"menu_order":0,"comment_status":"closed","ping_status":"closed","template":"","meta":{"footnotes":""},"class_list":["post-182","page","type-page","status-publish","has-post-thumbnail","hentry"],"brizy_media":[],"_links":{"self":[{"href":"https:\/\/dev.permis111.com\/en\/wp-json\/wp\/v2\/pages\/182","targetHints":{"allow":["GET"]}}],"collection":[{"href":"https:\/\/dev.permis111.com\/en\/wp-json\/wp\/v2\/pages"}],"about":[{"href":"https:\/\/dev.permis111.com\/en\/wp-json\/wp\/v2\/types\/page"}],"author":[{"embeddable":true,"href":"https:\/\/dev.permis111.com\/en\/wp-json\/wp\/v2\/users\/1"}],"replies":[{"embeddable":true,"href":"https:\/\/dev.permis111.com\/en\/wp-json\/wp\/v2\/comments?post=182"}],"version-history":[{"count":23,"href":"https:\/\/dev.permis111.com\/en\/wp-json\/wp\/v2\/pages\/182\/revisions"}],"predecessor-version":[{"id":1843,"href":"https:\/\/dev.permis111.com\/en\/wp-json\/wp\/v2\/pages\/182\/revisions\/1843"}],"wp:featuredmedia":[{"embeddable":true,"href":"https:\/\/dev.permis111.com\/en\/wp-json\/"}],"wp:attachment":[{"href":"https:\/\/dev.permis111.com\/en\/wp-json\/wp\/v2\/media?parent=182"}],"curies":[{"name":"wp","href":"https:\/\/api.w.org\/{rel}","templated":true}]}}