{"id":1003,"date":"2019-09-17T13:45:31","date_gmt":"2019-09-17T13:45:31","guid":{"rendered":"https:\/\/permis111.com\/?page_id=1003"},"modified":"2024-09-27T03:13:19","modified_gmt":"2024-09-27T03:13:19","slug":"articles","status":"publish","type":"page","link":"https:\/\/dev.permis111.com\/en\/articles\/","title":{"rendered":"Articles"},"content":{"rendered":"<div data-elementor-type=\"wp-post\" data-elementor-id=\"1003\" class=\"elementor elementor-1003\">\n\t\t\t\t\t\t<section class=\"elementor-section elementor-top-section elementor-element elementor-element-cc501db elementor-section-full_width elementor-section-height-default elementor-section-height-default\" data-id=\"cc501db\" data-element_type=\"section\" data-e-type=\"section\">\n\t\t\t\t\t\t<div class=\"elementor-container elementor-column-gap-no\">\n\t\t\t\t\t<div class=\"elementor-column elementor-col-100 elementor-top-column elementor-element elementor-element-984c6d3\" data-id=\"984c6d3\" data-element_type=\"column\" data-e-type=\"column\">\n\t\t\t<div class=\"elementor-widget-wrap elementor-element-populated\">\n\t\t\t\t\t\t<div class=\"elementor-element elementor-element-224680e elementor-widget elementor-widget-dc_element_news_articles\" data-id=\"224680e\" data-element_type=\"widget\" data-e-type=\"widget\" data-widget_type=\"dc_element_news_articles.default\">\n\t\t\t\t<div class=\"elementor-widget-container\">\n\t\t\t\t\t\t\t\t\t\t\t\t\t\t\t\t\t\t\t\t\t<div class=\"dc-articlesholder\">\r\n\t\t\t\t\t\t\t<div class=\"row dc-articlesrow\">\r\n\t\t\t\t\t\t\t\t\t\t\t\t\t\t\t\t\t<div class=\"col-12 col-sm-12 col-md-6 col-xl-4 col-xl-4\">\r\n\t\t\t\t\t\t\t\t\t\t<div class=\"dc-article\">\r\n\t\t\t\t\t\t\t\t\t\t\t<figure class=\"dc-articleimg\">\r\n\t\t\t\t\t\t\t\t\t\t\t\t\t\t\t\t\t\t\t\t\t\t\t\t\t<img decoding=\"async\" width=\"\" height=\"\" src=\"https:\/\/dev.permis111.com\/wp-content\/uploads\/2019\/09\/df.png\" alt=\"L&#8217;alcool pourrait \u00eatre moins nocif pour les personnes de plus de 50 ans\">\r\n\t\t\t\t\t\t\t\t\t\t\t\t\t\t\t\t\t\t\t\t\t\t\t\t\t\t\t\t\t\t\t\t\t\t\t<\/figure>\r\n\t\t\t\t\t\t\t\t\t\t\t<div class=\"dc-articlecontent\">\r\n\t\t\t\t\t\t\t\t\t\t\t\t<div class=\"dc-title dc-ellipsis dc-titlep\">\r\n\t\t\t\t\t\t\t\t\t\t\t\t\t<a href=\"https:\/\/dev.permis111.com\/en\/category\/diagnostic-radiology\/\" rel=\"tag\">Diagnostic radiology<\/a>\t\t\t\t\t\t\t\t\t\t\t\t\t<h3><a href=\"https:\/\/dev.permis111.com\/en\/alcohol-may-be-less-harmful-for-people-over-50\/\">L&#8217;alcool pourrait \u00eatre moins nocif pour les personnes de plus de 50 ans<\/a><\/h3>\r\n\t\t\t\t\t\t\t\t\t\t\t\t\t\t\t\t<span class=\"dc-datetime\"><i class=\"lnr lnr-clock\"><\/i> September 13, 2019<\/span>\n\t\t\t\t\t\t\t\t\t\t\t\t\t\t<\/div>\r\n\t\t\t\t\t\t\t\t\t\t\t\t\t\t\t<ul class=\"dc-moreoptions\">\n\t\t\t\t<li class=\"dcget-likes\" data-key=\"642\"><a href=\"javascript:;\"><i class=\"ti-heart\"><\/i>34 Likes<\/a><\/li>\n\t\t\t\t\t\t\t\t\t<li><a href=\"javascript:;\"><i class=\"ti-eye\"><\/i>1235 Views<\/a><\/li>\n\t\t\t\t\t\t\t\t<li><a href=\"javascript:;\"><i class=\"ti-comment\"><\/i>0 Comments<\/a><\/li>\n\t\t\t<\/ul>\n\t\t\t\t\t\t\t\t\t\t\t\t\t<\/div>\r\n\t\t\t\t\t\t\t\t\t\t<\/div>\r\n\t\t\t\t\t\t\t\t\t<\/div>\r\n\t\t\t\t\t\t\t\t\t\t\t\t\t\t\t\t\t\t<div class=\"col-12 col-sm-12 col-md-6 col-xl-4 col-xl-4\">\r\n\t\t\t\t\t\t\t\t\t\t<div class=\"dc-article\">\r\n\t\t\t\t\t\t\t\t\t\t\t<figure class=\"dc-articleimg\">\r\n\t\t\t\t\t\t\t\t\t\t\t\t\t\t\t\t\t\t\t\t\t\t\t\t\t<img decoding=\"async\" width=\"\" height=\"\" src=\"https:\/\/dev.permis111.com\/wp-content\/uploads\/2019\/09\/images.jpeg\" alt=\"Une \u00e9tude r\u00e9v\u00e8le les fibres \u00e0 consommer pour pr\u00e9venir les maladies\">\r\n\t\t\t\t\t\t\t\t\t\t\t\t\t\t\t\t\t\t\t\t\t\t\t\t\t\t\t\t\t\t\t\t\t\t\t<\/figure>\r\n\t\t\t\t\t\t\t\t\t\t\t<div class=\"dc-articlecontent\">\r\n\t\t\t\t\t\t\t\t\t\t\t\t<div class=\"dc-title dc-ellipsis dc-titlep\">\r\n\t\t\t\t\t\t\t\t\t\t\t\t\t<a href=\"https:\/\/dev.permis111.com\/en\/category\/dermatology\/\" rel=\"tag\">Dermatology<\/a>\t\t\t\t\t\t\t\t\t\t\t\t\t<h3><a href=\"https:\/\/dev.permis111.com\/en\/study-reveals-how-much-fiber-we-should-eat-to-prevent-disease\/\">Une \u00e9tude r\u00e9v\u00e8le les fibres \u00e0 consommer pour pr\u00e9venir les maladies<\/a><\/h3>\r\n\t\t\t\t\t\t\t\t\t\t\t\t\t\t\t\t<span class=\"dc-datetime\"><i class=\"lnr lnr-clock\"><\/i> September 13, 2019<\/span>\n\t\t\t\t\t\t\t\t\t\t\t\t\t\t<\/div>\r\n\t\t\t\t\t\t\t\t\t\t\t\t\t\t\t<ul class=\"dc-moreoptions\">\n\t\t\t\t<li class=\"dcget-likes\" data-key=\"630\"><a href=\"javascript:;\"><i class=\"ti-heart\"><\/i>20 Likes<\/a><\/li>\n\t\t\t\t\t\t\t\t\t<li><a href=\"javascript:;\"><i class=\"ti-eye\"><\/i>483 Views<\/a><\/li>\n\t\t\t\t\t\t\t\t<li><a href=\"javascript:;\"><i class=\"ti-comment\"><\/i>0 Comments<\/a><\/li>\n\t\t\t<\/ul>\n\t\t\t\t\t\t\t\t\t\t\t\t\t<\/div>\r\n\t\t\t\t\t\t\t\t\t\t<\/div>\r\n\t\t\t\t\t\t\t\t\t<\/div>\r\n\t\t\t\t\t\t\t\t\t\t\t\t\t\t\t\t\t\t<div class=\"col-12 col-sm-12 col-md-6 col-xl-4 col-xl-4\">\r\n\t\t\t\t\t\t\t\t\t\t<div class=\"dc-article\">\r\n\t\t\t\t\t\t\t\t\t\t\t<figure class=\"dc-articleimg\">\r\n\t\t\t\t\t\t\t\t\t\t\t\t\t\t\t\t\t\t\t\t\t\t\t\t\t<img decoding=\"async\" width=\"\" height=\"\" src=\"https:\/\/dev.permis111.com\/wp-content\/uploads\/2019\/09\/735fbc71e7_50151661_medicaments-varies-1.jpg\" alt=\"Ces m\u00e9dicaments courants peuvent augmenter le risque de d\u00e9mence\">\r\n\t\t\t\t\t\t\t\t\t\t\t\t\t\t\t\t\t\t\t\t\t\t\t\t\t\t\t\t\t\t\t\t\t\t\t<\/figure>\r\n\t\t\t\t\t\t\t\t\t\t\t<div class=\"dc-articlecontent\">\r\n\t\t\t\t\t\t\t\t\t\t\t\t<div class=\"dc-title dc-ellipsis dc-titlep\">\r\n\t\t\t\t\t\t\t\t\t\t\t\t\t<a href=\"https:\/\/dev.permis111.com\/en\/category\/diagnostic-radiology\/\" rel=\"tag\">Diagnostic radiology<\/a>\t\t\t\t\t\t\t\t\t\t\t\t\t<h3><a href=\"https:\/\/dev.permis111.com\/en\/these-common-drugs-may-increase-dementia-risk\/\">Ces m\u00e9dicaments courants peuvent augmenter le risque de d\u00e9mence<\/a><\/h3>\r\n\t\t\t\t\t\t\t\t\t\t\t\t\t\t\t\t<span class=\"dc-datetime\"><i class=\"lnr lnr-clock\"><\/i> September 13, 2019<\/span>\n\t\t\t\t\t\t\t\t\t\t\t\t\t\t<\/div>\r\n\t\t\t\t\t\t\t\t\t\t\t\t\t\t\t<ul class=\"dc-moreoptions\">\n\t\t\t\t<li class=\"dcget-likes\" data-key=\"629\"><a href=\"javascript:;\"><i class=\"ti-heart\"><\/i>19 Likes<\/a><\/li>\n\t\t\t\t\t\t\t\t\t<li><a href=\"javascript:;\"><i class=\"ti-eye\"><\/i>334 Views<\/a><\/li>\n\t\t\t\t\t\t\t\t<li><a href=\"javascript:;\"><i class=\"ti-comment\"><\/i>0 Comments<\/a><\/li>\n\t\t\t<\/ul>\n\t\t\t\t\t\t\t\t\t\t\t\t\t<\/div>\r\n\t\t\t\t\t\t\t\t\t\t<\/div>\r\n\t\t\t\t\t\t\t\t\t<\/div>\r\n\t\t\t\t\t\t\t\t\t\t\t\t\t\t\t\t\t\t<div class=\"col-12 col-sm-12 col-md-6 col-xl-4 col-xl-4\">\r\n\t\t\t\t\t\t\t\t\t\t<div class=\"dc-article\">\r\n\t\t\t\t\t\t\t\t\t\t\t<figure class=\"dc-articleimg\">\r\n\t\t\t\t\t\t\t\t\t\t\t\t\t\t\t\t\t\t\t\t\t\t\t\t\t<img decoding=\"async\" width=\"\" height=\"\" src=\"https:\/\/dev.permis111.com\/wp-content\/uploads\/2019\/09\/Untitled-1_0005_Layer-3.jpg\" alt=\"This sleep disorder puts people at &#8216;very high risk&#8217; of Parkinson&#8217;s\">\r\n\t\t\t\t\t\t\t\t\t\t\t\t\t\t\t\t\t\t\t\t\t\t\t\t\t\t\t\t\t\t\t\t\t\t\t<\/figure>\r\n\t\t\t\t\t\t\t\t\t\t\t<div class=\"dc-articlecontent\">\r\n\t\t\t\t\t\t\t\t\t\t\t\t<div class=\"dc-title dc-ellipsis dc-titlep\">\r\n\t\t\t\t\t\t\t\t\t\t\t\t\t<a href=\"https:\/\/dev.permis111.com\/en\/category\/diagnostic-radiology\/\" rel=\"tag\">Diagnostic radiology<\/a>\t\t\t\t\t\t\t\t\t\t\t\t\t<h3><a href=\"https:\/\/dev.permis111.com\/en\/this-sleep-disorder-puts-people-at-very-high-risk-of-parkinsons\/\">This sleep disorder puts people at &#8216;very high risk&#8217; of Parkinson&#8217;s<\/a><\/h3>\r\n\t\t\t\t\t\t\t\t\t\t\t\t\t\t\t\t<span class=\"dc-datetime\"><i class=\"lnr lnr-clock\"><\/i> September 13, 2019<\/span>\n\t\t\t\t\t\t\t\t\t\t\t\t\t\t<\/div>\r\n\t\t\t\t\t\t\t\t\t\t\t\t\t\t\t<ul class=\"dc-moreoptions\">\n\t\t\t\t<li class=\"dcget-likes\" data-key=\"628\"><a href=\"javascript:;\"><i class=\"ti-heart\"><\/i>12 Likes<\/a><\/li>\n\t\t\t\t\t\t\t\t\t<li><a href=\"javascript:;\"><i class=\"ti-eye\"><\/i>428 Views<\/a><\/li>\n\t\t\t\t\t\t\t\t<li><a href=\"javascript:;\"><i class=\"ti-comment\"><\/i>0 Comments<\/a><\/li>\n\t\t\t<\/ul>\n\t\t\t\t\t\t\t\t\t\t\t\t\t<\/div>\r\n\t\t\t\t\t\t\t\t\t\t<\/div>\r\n\t\t\t\t\t\t\t\t\t<\/div>\r\n\t\t\t\t\t\t\t\t\t\t\t\t\t\t\t\t\t\t<div class=\"col-12 col-sm-12 col-md-6 col-xl-4 col-xl-4\">\r\n\t\t\t\t\t\t\t\t\t\t<div class=\"dc-article\">\r\n\t\t\t\t\t\t\t\t\t\t\t<figure class=\"dc-articleimg\">\r\n\t\t\t\t\t\t\t\t\t\t\t\t\t\t\t\t\t\t\t\t\t\t\t\t\t<img decoding=\"async\" width=\"\" height=\"\" src=\"https:\/\/dev.permis111.com\/wp-content\/uploads\/2019\/09\/Untitled-1_0004_Layer-4.jpg\" alt=\"Is high blood pressure always bad?\">\r\n\t\t\t\t\t\t\t\t\t\t\t\t\t\t\t\t\t\t\t\t\t\t\t\t\t\t\t\t\t\t\t\t\t\t\t<\/figure>\r\n\t\t\t\t\t\t\t\t\t\t\t<div class=\"dc-articlecontent\">\r\n\t\t\t\t\t\t\t\t\t\t\t\t<div class=\"dc-title dc-ellipsis dc-titlep\">\r\n\t\t\t\t\t\t\t\t\t\t\t\t\t<a href=\"https:\/\/dev.permis111.com\/en\/category\/dermatology\/\" rel=\"tag\">Dermatology<\/a>\t\t\t\t\t\t\t\t\t\t\t\t\t<h3><a href=\"https:\/\/dev.permis111.com\/en\/is-high-blood-pressure-always-bad\/\">Is high blood pressure always bad?<\/a><\/h3>\r\n\t\t\t\t\t\t\t\t\t\t\t\t\t\t\t\t<span class=\"dc-datetime\"><i class=\"lnr lnr-clock\"><\/i> September 13, 2019<\/span>\n\t\t\t\t\t\t\t\t\t\t\t\t\t\t<\/div>\r\n\t\t\t\t\t\t\t\t\t\t\t\t\t\t\t<ul class=\"dc-moreoptions\">\n\t\t\t\t<li class=\"dcget-likes\" data-key=\"627\"><a href=\"javascript:;\"><i class=\"ti-heart\"><\/i>3 Likes<\/a><\/li>\n\t\t\t\t\t\t\t\t\t<li><a href=\"javascript:;\"><i class=\"ti-eye\"><\/i>300 Views<\/a><\/li>\n\t\t\t\t\t\t\t\t<li><a href=\"javascript:;\"><i class=\"ti-comment\"><\/i>0 Comments<\/a><\/li>\n\t\t\t<\/ul>\n\t\t\t\t\t\t\t\t\t\t\t\t\t<\/div>\r\n\t\t\t\t\t\t\t\t\t\t<\/div>\r\n\t\t\t\t\t\t\t\t\t<\/div>\r\n\t\t\t\t\t\t\t\t\t\t\t\t\t\t\t\t\t\t<div class=\"col-12 col-sm-12 col-md-6 col-xl-4 col-xl-4\">\r\n\t\t\t\t\t\t\t\t\t\t<div class=\"dc-article\">\r\n\t\t\t\t\t\t\t\t\t\t\t<figure class=\"dc-articleimg\">\r\n\t\t\t\t\t\t\t\t\t\t\t\t\t\t\t\t\t\t\t\t\t\t\t\t\t<img decoding=\"async\" width=\"\" height=\"\" src=\"https:\/\/dev.permis111.com\/wp-content\/uploads\/2019\/09\/Untitled-1_0003_Layer-5.jpg\" alt=\"6 innovations from Future Healthcare 2019\">\r\n\t\t\t\t\t\t\t\t\t\t\t\t\t\t\t\t\t\t\t\t\t\t\t\t\t\t\t\t\t\t\t\t\t\t\t<\/figure>\r\n\t\t\t\t\t\t\t\t\t\t\t<div class=\"dc-articlecontent\">\r\n\t\t\t\t\t\t\t\t\t\t\t\t<div class=\"dc-title dc-ellipsis dc-titlep\">\r\n\t\t\t\t\t\t\t\t\t\t\t\t\t<a href=\"https:\/\/dev.permis111.com\/en\/category\/diagnostic-radiology\/\" rel=\"tag\">Diagnostic radiology<\/a>\t\t\t\t\t\t\t\t\t\t\t\t\t<h3><a href=\"https:\/\/dev.permis111.com\/en\/6-innovations-from-future-healthcare-2019\/\">6 innovations from Future Healthcare 2019<\/a><\/h3>\r\n\t\t\t\t\t\t\t\t\t\t\t\t\t\t\t\t<span class=\"dc-datetime\"><i class=\"lnr lnr-clock\"><\/i> September 13, 2019<\/span>\n\t\t\t\t\t\t\t\t\t\t\t\t\t\t<\/div>\r\n\t\t\t\t\t\t\t\t\t\t\t\t\t\t\t<ul class=\"dc-moreoptions\">\n\t\t\t\t<li class=\"dcget-likes\" data-key=\"626\"><a href=\"javascript:;\"><i class=\"ti-heart\"><\/i>3 Likes<\/a><\/li>\n\t\t\t\t\t\t\t\t\t<li><a href=\"javascript:;\"><i class=\"ti-eye\"><\/i>280 Views<\/a><\/li>\n\t\t\t\t\t\t\t\t<li><a href=\"javascript:;\"><i class=\"ti-comment\"><\/i>0 Comments<\/a><\/li>\n\t\t\t<\/ul>\n\t\t\t\t\t\t\t\t\t\t\t\t\t<\/div>\r\n\t\t\t\t\t\t\t\t\t\t<\/div>\r\n\t\t\t\t\t\t\t\t\t<\/div>\r\n\t\t\t\t\t\t\t\t\t\t\t\t\t\t\t\t\t\t<div class=\"col-12 col-sm-12 col-md-6 col-xl-4 col-xl-4\">\r\n\t\t\t\t\t\t\t\t\t\t<div class=\"dc-article\">\r\n\t\t\t\t\t\t\t\t\t\t\t<figure class=\"dc-articleimg\">\r\n\t\t\t\t\t\t\t\t\t\t\t\t\t\t\t\t\t\t\t\t\t\t\t\t\t<img decoding=\"async\" width=\"\" height=\"\" src=\"https:\/\/dev.permis111.com\/wp-content\/uploads\/2019\/09\/Untitled-1_0002_Layer-6.jpg\" alt=\"Hypertension treatment may slow down Alzheimer&#8217;s progression\">\r\n\t\t\t\t\t\t\t\t\t\t\t\t\t\t\t\t\t\t\t\t\t\t\t\t\t\t\t\t\t\t\t\t\t\t\t<\/figure>\r\n\t\t\t\t\t\t\t\t\t\t\t<div class=\"dc-articlecontent\">\r\n\t\t\t\t\t\t\t\t\t\t\t\t<div class=\"dc-title dc-ellipsis dc-titlep\">\r\n\t\t\t\t\t\t\t\t\t\t\t\t\t<a href=\"https:\/\/dev.permis111.com\/en\/category\/family-medicine\/\" rel=\"tag\">Family medicine<\/a>\t\t\t\t\t\t\t\t\t\t\t\t\t<h3><a href=\"https:\/\/dev.permis111.com\/en\/hypertension-treatment-may-slow-down-alzheimers-progression\/\">Hypertension treatment may slow down Alzheimer&#8217;s progression<\/a><\/h3>\r\n\t\t\t\t\t\t\t\t\t\t\t\t\t\t\t\t<span class=\"dc-datetime\"><i class=\"lnr lnr-clock\"><\/i> September 13, 2019<\/span>\n\t\t\t\t\t\t\t\t\t\t\t\t\t\t<\/div>\r\n\t\t\t\t\t\t\t\t\t\t\t\t\t\t\t<ul class=\"dc-moreoptions\">\n\t\t\t\t<li class=\"dcget-likes\" data-key=\"625\"><a href=\"javascript:;\"><i class=\"ti-heart\"><\/i>1 Like<\/a><\/li>\n\t\t\t\t\t\t\t\t\t<li><a href=\"javascript:;\"><i class=\"ti-eye\"><\/i>264 Views<\/a><\/li>\n\t\t\t\t\t\t\t\t<li><a href=\"javascript:;\"><i class=\"ti-comment\"><\/i>0 Comments<\/a><\/li>\n\t\t\t<\/ul>\n\t\t\t\t\t\t\t\t\t\t\t\t\t<\/div>\r\n\t\t\t\t\t\t\t\t\t\t<\/div>\r\n\t\t\t\t\t\t\t\t\t<\/div>\r\n\t\t\t\t\t\t\t\t\t\t\t\t\t\t\t\t\t\t<div class=\"col-12 col-sm-12 col-md-6 col-xl-4 col-xl-4\">\r\n\t\t\t\t\t\t\t\t\t\t<div class=\"dc-article\">\r\n\t\t\t\t\t\t\t\t\t\t\t<figure class=\"dc-articleimg\">\r\n\t\t\t\t\t\t\t\t\t\t\t\t\t\t\t\t\t\t\t\t\t\t\t\t\t<img decoding=\"async\" width=\"\" height=\"\" src=\"https:\/\/dev.permis111.com\/wp-content\/uploads\/2019\/09\/Untitled-1_0001_Layer-7.jpg\" alt=\"Intermittent fasting boosts health by strengthening daily rhythms\">\r\n\t\t\t\t\t\t\t\t\t\t\t\t\t\t\t\t\t\t\t\t\t\t\t\t\t\t\t\t\t\t\t\t\t\t\t<\/figure>\r\n\t\t\t\t\t\t\t\t\t\t\t<div class=\"dc-articlecontent\">\r\n\t\t\t\t\t\t\t\t\t\t\t\t<div class=\"dc-title dc-ellipsis dc-titlep\">\r\n\t\t\t\t\t\t\t\t\t\t\t\t\t<a href=\"https:\/\/dev.permis111.com\/en\/category\/diagnostic-radiology\/\" rel=\"tag\">Diagnostic radiology<\/a>\t\t\t\t\t\t\t\t\t\t\t\t\t<h3><a href=\"https:\/\/dev.permis111.com\/en\/intermittent-fasting-boosts-health-by-strengthening-daily-rhythms\/\">Intermittent fasting boosts health by strengthening daily rhythms<\/a><\/h3>\r\n\t\t\t\t\t\t\t\t\t\t\t\t\t\t\t\t<span class=\"dc-datetime\"><i class=\"lnr lnr-clock\"><\/i> September 13, 2019<\/span>\n\t\t\t\t\t\t\t\t\t\t\t\t\t\t<\/div>\r\n\t\t\t\t\t\t\t\t\t\t\t\t\t\t\t<ul class=\"dc-moreoptions\">\n\t\t\t\t<li class=\"dcget-likes\" data-key=\"624\"><a href=\"javascript:;\"><i class=\"ti-heart\"><\/i>5 Likes<\/a><\/li>\n\t\t\t\t\t\t\t\t\t<li><a href=\"javascript:;\"><i class=\"ti-eye\"><\/i>460 Views<\/a><\/li>\n\t\t\t\t\t\t\t\t<li><a href=\"javascript:;\"><i class=\"ti-comment\"><\/i>0 Comments<\/a><\/li>\n\t\t\t<\/ul>\n\t\t\t\t\t\t\t\t\t\t\t\t\t<\/div>\r\n\t\t\t\t\t\t\t\t\t\t<\/div>\r\n\t\t\t\t\t\t\t\t\t<\/div>\r\n\t\t\t\t\t\t\t\t\t\t\t\t\t\t\t\t\t\t<div class=\"col-12 col-sm-12 col-md-6 col-xl-4 col-xl-4\">\r\n\t\t\t\t\t\t\t\t\t\t<div class=\"dc-article\">\r\n\t\t\t\t\t\t\t\t\t\t\t<figure class=\"dc-articleimg\">\r\n\t\t\t\t\t\t\t\t\t\t\t\t\t\t\t\t\t\t\t\t\t\t\t\t\t<img decoding=\"async\" width=\"\" height=\"\" src=\"https:\/\/dev.permis111.com\/wp-content\/uploads\/2019\/09\/Untitled-1_0000_Layer-8.jpg\" alt=\"Processed foods lead to weight gain, but it&#8217;s about more than calories\">\r\n\t\t\t\t\t\t\t\t\t\t\t\t\t\t\t\t\t\t\t\t\t\t\t\t\t\t\t\t\t\t\t\t\t\t\t<\/figure>\r\n\t\t\t\t\t\t\t\t\t\t\t<div class=\"dc-articlecontent\">\r\n\t\t\t\t\t\t\t\t\t\t\t\t<div class=\"dc-title dc-ellipsis dc-titlep\">\r\n\t\t\t\t\t\t\t\t\t\t\t\t\t<a href=\"https:\/\/dev.permis111.com\/en\/category\/family-medicine\/\" rel=\"tag\">Family medicine<\/a>\t\t\t\t\t\t\t\t\t\t\t\t\t<h3><a href=\"https:\/\/dev.permis111.com\/en\/processed-foods-lead-to-weight-gain-but-its-about-more-than-calories\/\">Processed foods lead to weight gain, but it&#8217;s about more than calories<\/a><\/h3>\r\n\t\t\t\t\t\t\t\t\t\t\t\t\t\t\t\t<span class=\"dc-datetime\"><i class=\"lnr lnr-clock\"><\/i> September 13, 2019<\/span>\n\t\t\t\t\t\t\t\t\t\t\t\t\t\t<\/div>\r\n\t\t\t\t\t\t\t\t\t\t\t\t\t\t\t<ul class=\"dc-moreoptions\">\n\t\t\t\t<li class=\"dcget-likes\" data-key=\"623\"><a href=\"javascript:;\"><i class=\"ti-heart\"><\/i>1 Like<\/a><\/li>\n\t\t\t\t\t\t\t\t\t<li><a href=\"javascript:;\"><i class=\"ti-eye\"><\/i>641 Views<\/a><\/li>\n\t\t\t\t\t\t\t\t<li><a href=\"javascript:;\"><i class=\"ti-comment\"><\/i>0 Comments<\/a><\/li>\n\t\t\t<\/ul>\n\t\t\t\t\t\t\t\t\t\t\t\t\t<\/div>\r\n\t\t\t\t\t\t\t\t\t\t<\/div>\r\n\t\t\t\t\t\t\t\t\t<\/div>\r\n\t\t\t\t\t\t\t\t\t\t<div class=\"col-12\"><div class='dc-paginationvtwo'><nav class=\"dc-pagination\"><ul><li class=\"dc-active\"><a href='javascript:;'>1<\/a><\/li><li><a href='https:\/\/dev.permis111.com\/en\/wp-json\/wp\/v2\/pages\/1003\/page\/2\/'>2<\/a><\/li><li><a href='https:\/\/dev.permis111.com\/en\/wp-json\/wp\/v2\/pages\/1003\/page\/3\/'>3<\/a><\/li><li><a href='https:\/\/dev.permis111.com\/en\/wp-json\/wp\/v2\/pages\/1003\/page\/4\/'>4<\/a><\/li><li class='dc-nextpage'><a href=\"https:\/\/dev.permis111.com\/en\/wp-json\/wp\/v2\/pages\/1003\/page\/2\/\"><i class=\"lnr lnr-chevron-right\"><\/i><\/a><\/li><\/ul><\/nav><\/div><\/div>\r\n\t\t\t\t\t\t\t\t\t\t\t\t\t\t\t<\/div>\r\n\t\t\t\t\t\t<\/div>\r\n\t\t\t\t\t\t\t\t\t\t\t\t\t\t<\/div>\n\t\t\t\t<\/div>\n\t\t\t\t\t<\/div>\n\t\t<\/div>\n\t\t\t\t\t<\/div>\n\t\t<\/section>\n\t\t\t\t<\/div>","protected":false},"excerpt":{"rendered":"<p>Ralph Davis Diagnostic radiology Alcohol may be less harmful for people over 50 September 13, 2019 &nbsp;0&nbsp;Likes &nbsp;0&nbsp;Views &nbsp;1&nbsp;Comments Harriso Robinson Dermatology Study reveals fiber we should eat to prevent disease September 13, 2019 &nbsp;0&nbsp;Likes &nbsp;0&nbsp;Views &nbsp;0&nbsp;Comments Sarah Chapman Diagnostic radiology These common drugs may increase dementia risk September 13, 2019 &nbsp;0&nbsp;Likes &nbsp;0&nbsp;Views &nbsp;0&nbsp;Comments Ava&#8230;.<\/p>","protected":false},"author":1,"featured_media":-1,"parent":0,"menu_order":0,"comment_status":"closed","ping_status":"closed","template":"","meta":{"footnotes":""},"class_list":["post-1003","page","type-page","status-publish","has-post-thumbnail","hentry"],"brizy_media":[],"_links":{"self":[{"href":"https:\/\/dev.permis111.com\/en\/wp-json\/wp\/v2\/pages\/1003","targetHints":{"allow":["GET"]}}],"collection":[{"href":"https:\/\/dev.permis111.com\/en\/wp-json\/wp\/v2\/pages"}],"about":[{"href":"https:\/\/dev.permis111.com\/en\/wp-json\/wp\/v2\/types\/page"}],"author":[{"embeddable":true,"href":"https:\/\/dev.permis111.com\/en\/wp-json\/wp\/v2\/users\/1"}],"replies":[{"embeddable":true,"href":"https:\/\/dev.permis111.com\/en\/wp-json\/wp\/v2\/comments?post=1003"}],"version-history":[{"count":12,"href":"https:\/\/dev.permis111.com\/en\/wp-json\/wp\/v2\/pages\/1003\/revisions"}],"predecessor-version":[{"id":1572,"href":"https:\/\/dev.permis111.com\/en\/wp-json\/wp\/v2\/pages\/1003\/revisions\/1572"}],"wp:featuredmedia":[{"embeddable":true,"href":"https:\/\/dev.permis111.com\/en\/wp-json\/"}],"wp:attachment":[{"href":"https:\/\/dev.permis111.com\/en\/wp-json\/wp\/v2\/media?parent=1003"}],"curies":[{"name":"wp","href":"https:\/\/api.w.org\/{rel}","templated":true}]}}